{"id":2652,"date":"2026-02-26T12:19:43","date_gmt":"2026-02-26T11:19:43","guid":{"rendered":"https:\/\/www.metalfusioni.com\/fonderia-lombardia-contatti\/"},"modified":"2026-04-22T11:55:26","modified_gmt":"2026-04-22T09:55:26","slug":"giesserei-lombardei-kontakt","status":"publish","type":"page","link":"https:\/\/www.metalfusioni.com\/de\/giesserei-lombardei-kontakt\/","title":{"rendered":"Kontakt"},"content":{"rendered":"\t\t<div data-elementor-type=\"wp-page\" data-elementor-id=\"2652\" class=\"elementor elementor-2652 elementor-591\" data-elementor-post-type=\"page\">\n\t\t\t\t\t\t<section class=\"elementor-section elementor-top-section elementor-element elementor-element-e052f79 elementor-section-full_width elementor-section-height-default elementor-section-height-default\" data-id=\"e052f79\" data-element_type=\"section\" data-e-type=\"section\" data-settings=\"{&quot;background_background&quot;:&quot;classic&quot;}\">\n\t\t\t\t\t\t\t<div class=\"elementor-background-overlay\"><\/div>\n\t\t\t\t\t\t\t<div class=\"elementor-container elementor-column-gap-default\">\n\t\t\t\t\t<div class=\"elementor-column elementor-col-100 elementor-top-column elementor-element elementor-element-019a188\" data-id=\"019a188\" data-element_type=\"column\" data-e-type=\"column\">\n\t\t\t<div class=\"elementor-widget-wrap elementor-element-populated\">\n\t\t\t\t\t\t<div class=\"elementor-element elementor-element-a7053ce elementor-widget elementor-widget-heading\" data-id=\"a7053ce\" data-element_type=\"widget\" data-e-type=\"widget\" data-widget_type=\"heading.default\">\n\t\t\t\t<div class=\"elementor-widget-container\">\n\t\t\t\t\t<h1 class=\"elementor-heading-title elementor-size-default\">Suchen Sie eine Gie\u00dferei in der Lombardei? <span class=\"metal-title-bianco\">Kontaktieren Sie uns<\/span>\n<\/h1>\t\t\t\t<\/div>\n\t\t\t\t<\/div>\n\t\t\t\t<div class=\"elementor-element elementor-element-1ded9ee elementor-widget elementor-widget-text-editor\" data-id=\"1ded9ee\" data-element_type=\"widget\" data-e-type=\"widget\" data-widget_type=\"text-editor.default\">\n\t\t\t\t<div class=\"elementor-widget-container\">\n\t\t\t\t\t\t\t\t\t<p>Die Wahl einer Gie\u00dferei bedeutet nicht nur, eine Dienstleistung zu bewerten, sondern einen Partner zu finden, der die <strong>Produktion langfristig unterst\u00fctzt<\/strong>, strenge technische Anforderungen erf\u00fcllt und Betriebskontinuit\u00e4t gew\u00e4hrleistet.<\/p><p>Metalfusioni unterst\u00fctzt mittelst\u00e4ndische und gro\u00dfe Industrieunternehmen beim Aluminiumdruckguss und bei der Abwicklung kontinuierlicher Industrieproduktionen.<\/p>\t\t\t\t\t\t\t\t<\/div>\n\t\t\t\t<\/div>\n\t\t\t\t\t<\/div>\n\t\t<\/div>\n\t\t\t\t\t<\/div>\n\t\t<\/section>\n\t\t\t\t<section class=\"elementor-section elementor-top-section elementor-element elementor-element-371b764 elementor-section-full_width elementor-section-height-default elementor-section-height-default\" data-id=\"371b764\" data-element_type=\"section\" data-e-type=\"section\" data-settings=\"{&quot;background_background&quot;:&quot;classic&quot;}\">\n\t\t\t\t\t\t<div class=\"elementor-container elementor-column-gap-default\">\n\t\t\t\t\t<div class=\"elementor-column elementor-col-100 elementor-top-column elementor-element elementor-element-d8efc22\" data-id=\"d8efc22\" data-element_type=\"column\" data-e-type=\"column\">\n\t\t\t<div class=\"elementor-widget-wrap elementor-element-populated\">\n\t\t\t\t\t\t<section class=\"elementor-section elementor-inner-section elementor-element elementor-element-eb5402a elementor-section-boxed elementor-section-height-default elementor-section-height-default\" data-id=\"eb5402a\" data-element_type=\"section\" data-e-type=\"section\">\n\t\t\t\t\t\t<div class=\"elementor-container elementor-column-gap-default\">\n\t\t\t\t\t<div class=\"elementor-column elementor-col-100 elementor-inner-column elementor-element elementor-element-545ba57\" data-id=\"545ba57\" data-element_type=\"column\" data-e-type=\"column\">\n\t\t\t<div class=\"elementor-widget-wrap elementor-element-populated\">\n\t\t\t\t\t\t<div class=\"elementor-element elementor-element-eb4ecc7 elementor-widget elementor-widget-text-editor\" data-id=\"eb4ecc7\" data-element_type=\"widget\" data-e-type=\"widget\" data-widget_type=\"text-editor.default\">\n\t\t\t\t<div class=\"elementor-widget-container\">\n\t\t\t\t\t\t\t\t\t<p><strong>F\u00fcllen Sie das Formular aus, wir melden uns bei Ihnen, um Ihre Produktionsanforderungen zu<\/strong><br \/><strong>besprechen.<\/strong><\/p>\t\t\t\t\t\t\t\t<\/div>\n\t\t\t\t<\/div>\n\t\t\t\t<div class=\"elementor-element elementor-element-6702793 elementor-button-align-start elementor-widget elementor-widget-form\" data-id=\"6702793\" data-element_type=\"widget\" data-e-type=\"widget\" data-settings=\"{&quot;step_next_label&quot;:&quot;Successivo&quot;,&quot;step_previous_label&quot;:&quot;Precedente&quot;,&quot;button_width&quot;:&quot;100&quot;,&quot;step_type&quot;:&quot;number_text&quot;,&quot;step_icon_shape&quot;:&quot;circle&quot;}\" data-widget_type=\"form.default\">\n\t\t\t\t<div class=\"elementor-widget-container\">\n\t\t\t\t\t\t\t<form class=\"elementor-form\" method=\"post\" name=\"Contatti\" aria-label=\"Contatti\">\n\t\t\t<input type=\"hidden\" name=\"post_id\" value=\"2652\"\/>\n\t\t\t<input type=\"hidden\" name=\"form_id\" value=\"6702793\"\/>\n\t\t\t<input type=\"hidden\" name=\"referer_title\" value=\"Metalfusioni\" \/>\n\n\t\t\t\n\t\t\t<div class=\"elementor-form-fields-wrapper elementor-labels-above\">\n\t\t\t\t\t\t\t\t<div class=\"elementor-field-type-text elementor-field-group elementor-column elementor-field-group-Nome elementor-col-50 elementor-field-required\">\n\t\t\t\t\t\t\t\t\t\t\t\t<label for=\"form-field-Nome\" class=\"elementor-field-label\">\n\t\t\t\t\t\t\t\tNome\t\t\t\t\t\t\t<\/label>\n\t\t\t\t\t\t\t\t\t\t\t\t\t\t<input size=\"1\" type=\"text\" name=\"form_fields[Nome]\" id=\"form-field-Nome\" class=\"elementor-field elementor-size-sm  elementor-field-textual\" placeholder=\"Vorname\" required=\"required\">\n\t\t\t\t\t\t\t\t\t\t\t<\/div>\n\t\t\t\t\t\t\t\t<div class=\"elementor-field-type-text elementor-field-group elementor-column elementor-field-group-Cognome elementor-col-50 elementor-field-required\">\n\t\t\t\t\t\t\t\t\t\t\t\t<label for=\"form-field-Cognome\" class=\"elementor-field-label\">\n\t\t\t\t\t\t\t\tCognome\t\t\t\t\t\t\t<\/label>\n\t\t\t\t\t\t\t\t\t\t\t\t\t\t<input size=\"1\" type=\"text\" name=\"form_fields[Cognome]\" id=\"form-field-Cognome\" class=\"elementor-field elementor-size-sm  elementor-field-textual\" placeholder=\"Nachname\" required=\"required\">\n\t\t\t\t\t\t\t\t\t\t\t<\/div>\n\t\t\t\t\t\t\t\t<div class=\"elementor-field-type-text elementor-field-group elementor-column elementor-field-group-Email elementor-col-50 elementor-field-required\">\n\t\t\t\t\t\t\t\t\t\t\t\t<label for=\"form-field-Email\" class=\"elementor-field-label\">\n\t\t\t\t\t\t\t\tEmail\t\t\t\t\t\t\t<\/label>\n\t\t\t\t\t\t\t\t\t\t\t\t\t\t<input size=\"1\" type=\"text\" name=\"form_fields[Email]\" id=\"form-field-Email\" class=\"elementor-field elementor-size-sm  elementor-field-textual\" placeholder=\"Email\" required=\"required\">\n\t\t\t\t\t\t\t\t\t\t\t<\/div>\n\t\t\t\t\t\t\t\t<div class=\"elementor-field-type-text elementor-field-group elementor-column elementor-field-group-Telefono elementor-col-50 elementor-field-required\">\n\t\t\t\t\t\t\t\t\t\t\t\t<label for=\"form-field-Telefono\" class=\"elementor-field-label\">\n\t\t\t\t\t\t\t\tTelefono\t\t\t\t\t\t\t<\/label>\n\t\t\t\t\t\t\t\t\t\t\t\t\t\t<input size=\"1\" type=\"text\" name=\"form_fields[Telefono]\" id=\"form-field-Telefono\" class=\"elementor-field elementor-size-sm  elementor-field-textual\" placeholder=\"Telefon\" required=\"required\">\n\t\t\t\t\t\t\t\t\t\t\t<\/div>\n\t\t\t\t\t\t\t\t<div class=\"elementor-field-type-text elementor-field-group elementor-column elementor-field-group-Azienda elementor-col-100 elementor-field-required\">\n\t\t\t\t\t\t\t\t\t\t\t\t<label for=\"form-field-Azienda\" class=\"elementor-field-label\">\n\t\t\t\t\t\t\t\tAzienda\t\t\t\t\t\t\t<\/label>\n\t\t\t\t\t\t\t\t\t\t\t\t\t\t<input size=\"1\" type=\"text\" name=\"form_fields[Azienda]\" id=\"form-field-Azienda\" class=\"elementor-field elementor-size-sm  elementor-field-textual\" placeholder=\"Firma\" required=\"required\">\n\t\t\t\t\t\t\t\t\t\t\t<\/div>\n\t\t\t\t\t\t\t\t<div class=\"elementor-field-type-textarea elementor-field-group elementor-column elementor-field-group-Messaggio elementor-col-100 elementor-field-required\">\n\t\t\t\t\t\t\t\t\t\t\t\t<label for=\"form-field-Messaggio\" class=\"elementor-field-label\">\n\t\t\t\t\t\t\t\tMessaggio\t\t\t\t\t\t\t<\/label>\n\t\t\t\t\t\t<textarea class=\"elementor-field-textual elementor-field  elementor-size-sm\" name=\"form_fields[Messaggio]\" id=\"form-field-Messaggio\" rows=\"4\" placeholder=\"Nachricht\" required=\"required\"><\/textarea>\t\t\t\t<\/div>\n\t\t\t\t\t\t\t\t<div class=\"elementor-field-type-acceptance elementor-field-group elementor-column elementor-field-group-field_3c332ef elementor-col-100 elementor-field-required\">\n\t\t\t\t\t\t\t<div class=\"elementor-field-subgroup\">\n\t\t\t<span class=\"elementor-field-option\">\n\t\t\t\t<input type=\"checkbox\" name=\"form_fields[field_3c332ef]\" id=\"form-field-field_3c332ef\" class=\"elementor-field elementor-size-sm  elementor-acceptance-field\" required=\"required\" checked=\"checked\">\n\t\t\t\t<label for=\"form-field-field_3c332ef\"><a href=\"\/de\/privacy-policy\" target=\"_blank\" style=\"color: black; font-size: 13px;\">\n  Ich stimme der Verarbeitung meiner personenbezogenen Daten gem\u00e4\u00df der Verordnung (EU) 2016\/679 vom 27. April 2016 zu.\n<\/a><\/label>\t\t\t<\/span>\n\t\t<\/div>\n\t\t\t\t\t\t<\/div>\n\t\t\t\t\t\t\t\t<div class=\"elementor-field-type-recaptcha_v3 elementor-field-group elementor-column elementor-field-group-field_61b698b elementor-col-100 recaptcha_v3-bottomright\">\n\t\t\t\t\t<div class=\"elementor-field\" id=\"form-field-field_61b698b\"><div class=\"elementor-g-recaptcha\" data-sitekey=\"6LcjMsQsAAAAAKPoPkUrXBCK-YqZ4JdVtTWSsKb7\" data-type=\"v3\" data-action=\"Form\" data-badge=\"bottomright\" data-size=\"invisible\"><\/div><\/div>\t\t\t\t<\/div>\n\t\t\t\t\t\t\t\t<div class=\"elementor-field-group elementor-column elementor-field-type-submit elementor-col-100 e-form__buttons\">\n\t\t\t\t\t<button class=\"elementor-button elementor-size-sm\" type=\"submit\">\n\t\t\t\t\t\t<span class=\"elementor-button-content-wrapper\">\n\t\t\t\t\t\t\t\t\t\t\t\t\t\t\t\t\t\t\t\t\t\t<span class=\"elementor-button-text\">Informationen anfordern<\/span>\n\t\t\t\t\t\t\t\t\t\t\t\t\t<\/span>\n\t\t\t\t\t<\/button>\n\t\t\t\t<\/div>\n\t\t\t<\/div>\n\t\t<\/form>\n\t\t\t\t\t\t<\/div>\n\t\t\t\t<\/div>\n\t\t\t\t\t<\/div>\n\t\t<\/div>\n\t\t\t\t\t<\/div>\n\t\t<\/section>\n\t\t\t\t\t<\/div>\n\t\t<\/div>\n\t\t\t\t\t<\/div>\n\t\t<\/section>\n\t\t\t\t<section class=\"elementor-section elementor-top-section elementor-element elementor-element-44a8a21 elementor-section-full_width elementor-section-height-default elementor-section-height-default\" data-id=\"44a8a21\" data-element_type=\"section\" data-e-type=\"section\">\n\t\t\t\t\t\t<div class=\"elementor-container elementor-column-gap-no\">\n\t\t\t\t\t<div class=\"elementor-column elementor-col-100 elementor-top-column elementor-element elementor-element-c4b46f7\" data-id=\"c4b46f7\" data-element_type=\"column\" data-e-type=\"column\">\n\t\t\t<div class=\"elementor-widget-wrap elementor-element-populated\">\n\t\t\t\t\t\t<div class=\"elementor-element elementor-element-ac361f8 elementor-widget elementor-widget-google_maps\" data-id=\"ac361f8\" data-element_type=\"widget\" data-e-type=\"widget\" data-widget_type=\"google_maps.default\">\n\t\t\t\t<div class=\"elementor-widget-container\">\n\t\t\t\t\t\t\t<div class=\"elementor-custom-embed\">\n\t\t\t<iframe loading=\"lazy\"\n\t\t\t\t\tsrc=\"https:\/\/maps.google.com\/maps?q=Via%20Sempione%2C%2089%2C%2021018%20Sesto%20Calende%20VA&#038;t=m&#038;z=10&#038;output=embed&#038;iwloc=near\"\n\t\t\t\t\ttitle=\"Via Sempione, 89, 21018 Sesto Calende VA\"\n\t\t\t\t\taria-label=\"Via Sempione, 89, 21018 Sesto Calende VA\"\n\t\t\t><\/iframe>\n\t\t<\/div>\n\t\t\t\t\t\t<\/div>\n\t\t\t\t<\/div>\n\t\t\t\t\t<\/div>\n\t\t<\/div>\n\t\t\t\t\t<\/div>\n\t\t<\/section>\n\t\t\t\t<section class=\"elementor-section elementor-top-section elementor-element elementor-element-d73eb3a elementor-section-full_width elementor-section-height-default elementor-section-height-default\" data-id=\"d73eb3a\" data-element_type=\"section\" data-e-type=\"section\" data-settings=\"{&quot;background_background&quot;:&quot;classic&quot;}\">\n\t\t\t\t\t\t<div class=\"elementor-container elementor-column-gap-default\">\n\t\t\t\t\t<div class=\"elementor-column elementor-col-100 elementor-top-column elementor-element elementor-element-f25edbc\" data-id=\"f25edbc\" data-element_type=\"column\" data-e-type=\"column\">\n\t\t\t<div class=\"elementor-widget-wrap elementor-element-populated\">\n\t\t\t\t\t\t<section class=\"elementor-section elementor-inner-section elementor-element elementor-element-5e8a738 elementor-section-full_width elementor-section-height-default elementor-section-height-default\" data-id=\"5e8a738\" data-element_type=\"section\" data-e-type=\"section\">\n\t\t\t\t\t\t<div class=\"elementor-container elementor-column-gap-default\">\n\t\t\t\t\t<div class=\"elementor-column elementor-col-50 elementor-inner-column elementor-element elementor-element-922aac2\" data-id=\"922aac2\" data-element_type=\"column\" data-e-type=\"column\">\n\t\t\t<div class=\"elementor-widget-wrap\">\n\t\t\t\t\t\t\t<\/div>\n\t\t<\/div>\n\t\t\t\t<div class=\"elementor-column elementor-col-50 elementor-inner-column elementor-element elementor-element-2eb668e\" data-id=\"2eb668e\" data-element_type=\"column\" data-e-type=\"column\" data-settings=\"{&quot;background_background&quot;:&quot;classic&quot;}\">\n\t\t\t<div class=\"elementor-widget-wrap elementor-element-populated\">\n\t\t\t\t\t\t<div class=\"elementor-element elementor-element-a6efbaf elementor-widget elementor-widget-heading\" data-id=\"a6efbaf\" data-element_type=\"widget\" data-e-type=\"widget\" data-widget_type=\"heading.default\">\n\t\t\t\t<div class=\"elementor-widget-container\">\n\t\t\t\t\t<h4 class=\"elementor-heading-title elementor-size-default\">Metalfusioni S.r.l. mit Allein<wbr>gesell<wbr>schafter<\/h4>\t\t\t\t<\/div>\n\t\t\t\t<\/div>\n\t\t\t\t<div class=\"elementor-element elementor-element-48a8a98 elementor-widget elementor-widget-heading\" data-id=\"48a8a98\" data-element_type=\"widget\" data-e-type=\"widget\" data-widget_type=\"heading.default\">\n\t\t\t\t<div class=\"elementor-widget-container\">\n\t\t\t\t\t<h4 class=\"elementor-heading-title elementor-size-default\">Telefon<\/h4>\t\t\t\t<\/div>\n\t\t\t\t<\/div>\n\t\t\t\t<div class=\"elementor-element elementor-element-5e5add8 elementor-widget elementor-widget-text-editor\" data-id=\"5e5add8\" data-element_type=\"widget\" data-e-type=\"widget\" data-widget_type=\"text-editor.default\">\n\t\t\t\t<div class=\"elementor-widget-container\">\n\t\t\t\t\t\t\t\t\t<p><a href=\"_wp_link_placeholder\" data-wplink-edit=\"true\"><span style=\"font-weight: 400;\">+39 0331 924646<\/span><\/a><\/p>\t\t\t\t\t\t\t\t<\/div>\n\t\t\t\t<\/div>\n\t\t\t\t<div class=\"elementor-element elementor-element-c6f1410 elementor-widget elementor-widget-heading\" data-id=\"c6f1410\" data-element_type=\"widget\" data-e-type=\"widget\" data-widget_type=\"heading.default\">\n\t\t\t\t<div class=\"elementor-widget-container\">\n\t\t\t\t\t<h4 class=\"elementor-heading-title elementor-size-default\">Werk<\/h4>\t\t\t\t<\/div>\n\t\t\t\t<\/div>\n\t\t\t\t<div class=\"elementor-element elementor-element-18e3745 elementor-widget elementor-widget-text-editor\" data-id=\"18e3745\" data-element_type=\"widget\" data-e-type=\"widget\" data-widget_type=\"text-editor.default\">\n\t\t\t\t<div class=\"elementor-widget-container\">\n\t\t\t\t\t\t\t\t\t<p><a href=\"https:\/\/maps.app.goo.gl\/AH3anh3zf9RMisAP8\" target=\"_blank\" rel=\"noopener\"><span style=\"font-weight: 400;\">Via Sempione, 89<\/span><span style=\"font-weight: 400;\"><br \/><\/span><span style=\"font-weight: 400;\"> 21018 Sesto Calende (VA) \u2013 Italia<\/span><\/a><\/p>\t\t\t\t\t\t\t\t<\/div>\n\t\t\t\t<\/div>\n\t\t\t\t<div class=\"elementor-element elementor-element-3bc6f20 elementor-widget elementor-widget-text-editor\" data-id=\"3bc6f20\" data-element_type=\"widget\" data-e-type=\"widget\" data-widget_type=\"text-editor.default\">\n\t\t\t\t<div class=\"elementor-widget-container\">\n\t\t\t\t\t\t\t\t\t<p>Dank der Lage in der Lombardei kann Metalfusioni eng mit den wichtigsten Industriezentren Norditaliens zusammenarbeiten und so eine gute<strong> Erreichbarkeit, schnelle Kontakte und direkten Support<\/strong> gew\u00e4hrleisten.<\/p>\t\t\t\t\t\t\t\t<\/div>\n\t\t\t\t<\/div>\n\t\t\t\t\t<\/div>\n\t\t<\/div>\n\t\t\t\t\t<\/div>\n\t\t<\/section>\n\t\t\t\t\t<\/div>\n\t\t<\/div>\n\t\t\t\t\t<\/div>\n\t\t<\/section>\n\t\t\t\t<\/div>\n\t\t","protected":false},"excerpt":{"rendered":"<p>Suchen Sie eine Gie\u00dferei in der Lombardei? Kontaktieren Sie uns Die Wahl einer Gie\u00dferei bedeutet nicht nur, eine Dienstleistung zu bewerten, sondern einen Partner zu finden, der die Produktion langfristig unterst\u00fctzt, strenge technische Anforderungen erf\u00fcllt und Betriebskontinuit\u00e4t gew\u00e4hrleistet. Metalfusioni unterst\u00fctzt mittelst\u00e4ndische und gro\u00dfe Industrieunternehmen beim Aluminiumdruckguss und bei der Abwicklung kontinuierlicher Industrieproduktionen. F\u00fcllen Sie das [&hellip;]<\/p>\n","protected":false},"author":1,"featured_media":0,"parent":0,"menu_order":0,"comment_status":"closed","ping_status":"closed","template":"","meta":{"footnotes":""},"class_list":["post-2652","page","type-page","status-publish","hentry"],"yoast_head":"<!-- This site is optimized with the Yoast SEO plugin v27.4 - https:\/\/yoast.com\/product\/yoast-seo-wordpress\/ -->\n<title>Kontakte Gie\u00dferei in der Lombardei f\u00fcr die Industrie | Metalfusioni<\/title>\n<meta name=\"description\" content=\"Gie\u00dferei in der Lombardei, spezialisiert auf Aluminiumdruckguss. Kontaktieren Sie Metalfusioni f\u00fcrkontinuierliche industrielle Fertigung.\" \/>\n<meta name=\"robots\" content=\"index, follow, max-snippet:-1, max-image-preview:large, max-video-preview:-1\" \/>\n<link rel=\"canonical\" href=\"https:\/\/www.metalfusioni.com\/de\/giesserei-lombardei-kontakt\/\" \/>\n<meta property=\"og:locale\" content=\"de_DE\" \/>\n<meta property=\"og:type\" content=\"article\" \/>\n<meta property=\"og:title\" content=\"Kontakte Gie\u00dferei in der Lombardei f\u00fcr die Industrie | Metalfusioni\" \/>\n<meta property=\"og:description\" content=\"Gie\u00dferei in der Lombardei, spezialisiert auf Aluminiumdruckguss. Kontaktieren Sie Metalfusioni f\u00fcrkontinuierliche industrielle Fertigung.\" \/>\n<meta property=\"og:url\" content=\"https:\/\/www.metalfusioni.com\/de\/giesserei-lombardei-kontakt\/\" \/>\n<meta property=\"og:site_name\" content=\"Metalfusioni\" \/>\n<meta property=\"article:modified_time\" content=\"2026-04-22T09:55:26+00:00\" \/>\n<meta name=\"twitter:card\" content=\"summary_large_image\" \/>\n<script type=\"application\/ld+json\" class=\"yoast-schema-graph\">{\"@context\":\"https:\\\/\\\/schema.org\",\"@graph\":[{\"@type\":\"WebPage\",\"@id\":\"https:\\\/\\\/www.metalfusioni.com\\\/de\\\/giesserei-lombardei-kontakt\\\/\",\"url\":\"https:\\\/\\\/www.metalfusioni.com\\\/de\\\/giesserei-lombardei-kontakt\\\/\",\"name\":\"Kontakte Gie\u00dferei in der Lombardei f\u00fcr die Industrie | Metalfusioni\",\"isPartOf\":{\"@id\":\"https:\\\/\\\/www.metalfusioni.com\\\/de\\\/#website\"},\"datePublished\":\"2026-02-26T11:19:43+00:00\",\"dateModified\":\"2026-04-22T09:55:26+00:00\",\"description\":\"Gie\u00dferei in der Lombardei, spezialisiert auf Aluminiumdruckguss. Kontaktieren Sie Metalfusioni f\u00fcrkontinuierliche industrielle Fertigung.\",\"breadcrumb\":{\"@id\":\"https:\\\/\\\/www.metalfusioni.com\\\/de\\\/giesserei-lombardei-kontakt\\\/#breadcrumb\"},\"inLanguage\":\"de\",\"potentialAction\":[{\"@type\":\"ReadAction\",\"target\":[\"https:\\\/\\\/www.metalfusioni.com\\\/de\\\/giesserei-lombardei-kontakt\\\/\"]}]},{\"@type\":\"BreadcrumbList\",\"@id\":\"https:\\\/\\\/www.metalfusioni.com\\\/de\\\/giesserei-lombardei-kontakt\\\/#breadcrumb\",\"itemListElement\":[{\"@type\":\"ListItem\",\"position\":1,\"name\":\"Home\",\"item\":\"https:\\\/\\\/www.metalfusioni.com\\\/de\\\/\"},{\"@type\":\"ListItem\",\"position\":2,\"name\":\"Kontakt\"}]},{\"@type\":\"WebSite\",\"@id\":\"https:\\\/\\\/www.metalfusioni.com\\\/de\\\/#website\",\"url\":\"https:\\\/\\\/www.metalfusioni.com\\\/de\\\/\",\"name\":\"Metalfusioni\",\"description\":\"\",\"publisher\":{\"@id\":\"https:\\\/\\\/www.metalfusioni.com\\\/de\\\/#organization\"},\"potentialAction\":[{\"@type\":\"SearchAction\",\"target\":{\"@type\":\"EntryPoint\",\"urlTemplate\":\"https:\\\/\\\/www.metalfusioni.com\\\/de\\\/?s={search_term_string}\"},\"query-input\":{\"@type\":\"PropertyValueSpecification\",\"valueRequired\":true,\"valueName\":\"search_term_string\"}}],\"inLanguage\":\"de\"},{\"@type\":\"Organization\",\"@id\":\"https:\\\/\\\/www.metalfusioni.com\\\/de\\\/#organization\",\"name\":\"Metalfusioni\",\"url\":\"https:\\\/\\\/www.metalfusioni.com\\\/de\\\/\",\"logo\":{\"@type\":\"ImageObject\",\"inLanguage\":\"de\",\"@id\":\"https:\\\/\\\/www.metalfusioni.com\\\/de\\\/#\\\/schema\\\/logo\\\/image\\\/\",\"url\":\"https:\\\/\\\/www.metalfusioni.com\\\/wp-content\\\/uploads\\\/2026\\\/02\\\/cropped-Metalfusioni-logo.webp\",\"contentUrl\":\"https:\\\/\\\/www.metalfusioni.com\\\/wp-content\\\/uploads\\\/2026\\\/02\\\/cropped-Metalfusioni-logo.webp\",\"width\":252,\"height\":73,\"caption\":\"Metalfusioni\"},\"image\":{\"@id\":\"https:\\\/\\\/www.metalfusioni.com\\\/de\\\/#\\\/schema\\\/logo\\\/image\\\/\"}}]}<\/script>\n<!-- \/ Yoast SEO plugin. -->","yoast_head_json":{"title":"Kontakte Gie\u00dferei in der Lombardei f\u00fcr die Industrie | Metalfusioni","description":"Gie\u00dferei in der Lombardei, spezialisiert auf Aluminiumdruckguss. Kontaktieren Sie Metalfusioni f\u00fcrkontinuierliche industrielle Fertigung.","robots":{"index":"index","follow":"follow","max-snippet":"max-snippet:-1","max-image-preview":"max-image-preview:large","max-video-preview":"max-video-preview:-1"},"canonical":"https:\/\/www.metalfusioni.com\/de\/giesserei-lombardei-kontakt\/","og_locale":"de_DE","og_type":"article","og_title":"Kontakte Gie\u00dferei in der Lombardei f\u00fcr die Industrie | Metalfusioni","og_description":"Gie\u00dferei in der Lombardei, spezialisiert auf Aluminiumdruckguss. Kontaktieren Sie Metalfusioni f\u00fcrkontinuierliche industrielle Fertigung.","og_url":"https:\/\/www.metalfusioni.com\/de\/giesserei-lombardei-kontakt\/","og_site_name":"Metalfusioni","article_modified_time":"2026-04-22T09:55:26+00:00","twitter_card":"summary_large_image","schema":{"@context":"https:\/\/schema.org","@graph":[{"@type":"WebPage","@id":"https:\/\/www.metalfusioni.com\/de\/giesserei-lombardei-kontakt\/","url":"https:\/\/www.metalfusioni.com\/de\/giesserei-lombardei-kontakt\/","name":"Kontakte Gie\u00dferei in der Lombardei f\u00fcr die Industrie | Metalfusioni","isPartOf":{"@id":"https:\/\/www.metalfusioni.com\/de\/#website"},"datePublished":"2026-02-26T11:19:43+00:00","dateModified":"2026-04-22T09:55:26+00:00","description":"Gie\u00dferei in der Lombardei, spezialisiert auf Aluminiumdruckguss. Kontaktieren Sie Metalfusioni f\u00fcrkontinuierliche industrielle Fertigung.","breadcrumb":{"@id":"https:\/\/www.metalfusioni.com\/de\/giesserei-lombardei-kontakt\/#breadcrumb"},"inLanguage":"de","potentialAction":[{"@type":"ReadAction","target":["https:\/\/www.metalfusioni.com\/de\/giesserei-lombardei-kontakt\/"]}]},{"@type":"BreadcrumbList","@id":"https:\/\/www.metalfusioni.com\/de\/giesserei-lombardei-kontakt\/#breadcrumb","itemListElement":[{"@type":"ListItem","position":1,"name":"Home","item":"https:\/\/www.metalfusioni.com\/de\/"},{"@type":"ListItem","position":2,"name":"Kontakt"}]},{"@type":"WebSite","@id":"https:\/\/www.metalfusioni.com\/de\/#website","url":"https:\/\/www.metalfusioni.com\/de\/","name":"Metalfusioni","description":"","publisher":{"@id":"https:\/\/www.metalfusioni.com\/de\/#organization"},"potentialAction":[{"@type":"SearchAction","target":{"@type":"EntryPoint","urlTemplate":"https:\/\/www.metalfusioni.com\/de\/?s={search_term_string}"},"query-input":{"@type":"PropertyValueSpecification","valueRequired":true,"valueName":"search_term_string"}}],"inLanguage":"de"},{"@type":"Organization","@id":"https:\/\/www.metalfusioni.com\/de\/#organization","name":"Metalfusioni","url":"https:\/\/www.metalfusioni.com\/de\/","logo":{"@type":"ImageObject","inLanguage":"de","@id":"https:\/\/www.metalfusioni.com\/de\/#\/schema\/logo\/image\/","url":"https:\/\/www.metalfusioni.com\/wp-content\/uploads\/2026\/02\/cropped-Metalfusioni-logo.webp","contentUrl":"https:\/\/www.metalfusioni.com\/wp-content\/uploads\/2026\/02\/cropped-Metalfusioni-logo.webp","width":252,"height":73,"caption":"Metalfusioni"},"image":{"@id":"https:\/\/www.metalfusioni.com\/de\/#\/schema\/logo\/image\/"}}]}},"_links":{"self":[{"href":"https:\/\/www.metalfusioni.com\/de\/wp-json\/wp\/v2\/pages\/2652","targetHints":{"allow":["GET"]}}],"collection":[{"href":"https:\/\/www.metalfusioni.com\/de\/wp-json\/wp\/v2\/pages"}],"about":[{"href":"https:\/\/www.metalfusioni.com\/de\/wp-json\/wp\/v2\/types\/page"}],"author":[{"embeddable":true,"href":"https:\/\/www.metalfusioni.com\/de\/wp-json\/wp\/v2\/users\/1"}],"replies":[{"embeddable":true,"href":"https:\/\/www.metalfusioni.com\/de\/wp-json\/wp\/v2\/comments?post=2652"}],"version-history":[{"count":19,"href":"https:\/\/www.metalfusioni.com\/de\/wp-json\/wp\/v2\/pages\/2652\/revisions"}],"predecessor-version":[{"id":3049,"href":"https:\/\/www.metalfusioni.com\/de\/wp-json\/wp\/v2\/pages\/2652\/revisions\/3049"}],"wp:attachment":[{"href":"https:\/\/www.metalfusioni.com\/de\/wp-json\/wp\/v2\/media?parent=2652"}],"curies":[{"name":"wp","href":"https:\/\/api.w.org\/{rel}","templated":true}]}}